{"id":901,"date":"2022-05-25T13:45:21","date_gmt":"2022-05-25T11:45:21","guid":{"rendered":"https:\/\/conanec-industrie.com\/moyens-de-production\/atelier\/"},"modified":"2022-07-04T18:16:40","modified_gmt":"2022-07-04T16:16:40","slug":"fao","status":"publish","type":"page","link":"https:\/\/conanec-industrie.com\/en\/production-methods\/fao\/","title":{"rendered":"F.A.O. (Fabrication assist\u00e9e par ordinateur)"},"content":{"rendered":"","protected":false},"excerpt":{"rendered":"","protected":false},"author":1,"featured_media":0,"parent":878,"menu_order":0,"comment_status":"closed","ping_status":"closed","template":"template-production.php","meta":{"_acf_changed":false,"footnotes":""},"class_list":["post-901","page","type-page","status-publish","hentry"],"acf":[],"yoast_head":"<!-- This site is optimized with the Yoast SEO plugin v27.3 - https:\/\/yoast.com\/product\/yoast-seo-wordpress\/ -->\n<title>F.A.O. (Fabrication assist\u00e9e par ordinateur) - Conanec Industrie<\/title>\n<meta name=\"description\" content=\"Dot\u00e9s du logiciel Mastercam. Notre service FAO \u00e9labore des programmes de Fraisage et de Tournage \u00e0 partir des plans communiqu\u00e9s.\" \/>\n<meta name=\"robots\" content=\"index, follow, max-snippet:-1, max-image-preview:large, max-video-preview:-1\" \/>\n<link rel=\"canonical\" href=\"https:\/\/conanec-industrie.com\/en\/production-methods\/fao\/\" \/>\n<meta property=\"og:locale\" content=\"en_US\" \/>\n<meta property=\"og:type\" content=\"article\" \/>\n<meta property=\"og:title\" content=\"F.A.O. (Fabrication assist\u00e9e par ordinateur) - Conanec Industrie\" \/>\n<meta property=\"og:description\" content=\"Dot\u00e9s du logiciel Mastercam. Notre service FAO \u00e9labore des programmes de Fraisage et de Tournage \u00e0 partir des plans communiqu\u00e9s.\" \/>\n<meta property=\"og:url\" content=\"https:\/\/conanec-industrie.com\/en\/production-methods\/fao\/\" \/>\n<meta property=\"og:site_name\" content=\"Conanec Industrie\" \/>\n<meta property=\"article:modified_time\" content=\"2022-07-04T16:16:40+00:00\" \/>\n<meta name=\"twitter:card\" content=\"summary_large_image\" \/>\n<script type=\"application\/ld+json\" class=\"yoast-schema-graph\">{\"@context\":\"https:\\\/\\\/schema.org\",\"@graph\":[{\"@type\":\"WebPage\",\"@id\":\"https:\\\/\\\/conanec-industrie.com\\\/en\\\/production-methods\\\/fao\\\/\",\"url\":\"https:\\\/\\\/conanec-industrie.com\\\/en\\\/production-methods\\\/fao\\\/\",\"name\":\"F.A.O. (Fabrication assist\u00e9e par ordinateur) - Conanec Industrie\",\"isPartOf\":{\"@id\":\"https:\\\/\\\/conanec-industrie.com\\\/en\\\/#website\"},\"datePublished\":\"2022-05-25T11:45:21+00:00\",\"dateModified\":\"2022-07-04T16:16:40+00:00\",\"description\":\"Dot\u00e9s du logiciel Mastercam. Notre service FAO \u00e9labore des programmes de Fraisage et de Tournage \u00e0 partir des plans communiqu\u00e9s.\",\"breadcrumb\":{\"@id\":\"https:\\\/\\\/conanec-industrie.com\\\/en\\\/production-methods\\\/fao\\\/#breadcrumb\"},\"inLanguage\":\"en-US\",\"potentialAction\":[{\"@type\":\"ReadAction\",\"target\":[\"https:\\\/\\\/conanec-industrie.com\\\/en\\\/production-methods\\\/fao\\\/\"]}]},{\"@type\":\"BreadcrumbList\",\"@id\":\"https:\\\/\\\/conanec-industrie.com\\\/en\\\/production-methods\\\/fao\\\/#breadcrumb\",\"itemListElement\":[{\"@type\":\"ListItem\",\"position\":1,\"name\":\"Accueil\",\"item\":\"https:\\\/\\\/conanec-industrie.com\\\/en\\\/\"},{\"@type\":\"ListItem\",\"position\":2,\"name\":\"production methods\",\"item\":\"https:\\\/\\\/conanec-industrie.com\\\/en\\\/production-methods\\\/\"},{\"@type\":\"ListItem\",\"position\":3,\"name\":\"F.A.O. (Fabrication assist\u00e9e par ordinateur)\"}]},{\"@type\":\"WebSite\",\"@id\":\"https:\\\/\\\/conanec-industrie.com\\\/en\\\/#website\",\"url\":\"https:\\\/\\\/conanec-industrie.com\\\/en\\\/\",\"name\":\"Conanec Industrie\",\"description\":\"\",\"publisher\":{\"@id\":\"https:\\\/\\\/conanec-industrie.com\\\/en\\\/#organization\"},\"potentialAction\":[{\"@type\":\"SearchAction\",\"target\":{\"@type\":\"EntryPoint\",\"urlTemplate\":\"https:\\\/\\\/conanec-industrie.com\\\/en\\\/?s={search_term_string}\"},\"query-input\":{\"@type\":\"PropertyValueSpecification\",\"valueRequired\":true,\"valueName\":\"search_term_string\"}}],\"inLanguage\":\"en-US\"},{\"@type\":\"Organization\",\"@id\":\"https:\\\/\\\/conanec-industrie.com\\\/en\\\/#organization\",\"name\":\"Conanec Industrie\",\"url\":\"https:\\\/\\\/conanec-industrie.com\\\/en\\\/\",\"logo\":{\"@type\":\"ImageObject\",\"inLanguage\":\"en-US\",\"@id\":\"https:\\\/\\\/conanec-industrie.com\\\/en\\\/#\\\/schema\\\/logo\\\/image\\\/\",\"url\":\"https:\\\/\\\/conanec-industrie.com\\\/wp-content\\\/uploads\\\/2022\\\/06\\\/Logo-Conanec-Industrie-Horizontal.png\",\"contentUrl\":\"https:\\\/\\\/conanec-industrie.com\\\/wp-content\\\/uploads\\\/2022\\\/06\\\/Logo-Conanec-Industrie-Horizontal.png\",\"width\":1920,\"height\":946,\"caption\":\"Conanec Industrie\"},\"image\":{\"@id\":\"https:\\\/\\\/conanec-industrie.com\\\/en\\\/#\\\/schema\\\/logo\\\/image\\\/\"},\"sameAs\":[\"https:\\\/\\\/www.linkedin.com\\\/company\\\/conanec-industrie\\\/\"]}]}<\/script>\n<!-- \/ Yoast SEO plugin. -->","yoast_head_json":{"title":"F.A.O. (Fabrication assist\u00e9e par ordinateur) - Conanec Industrie","description":"Dot\u00e9s du logiciel Mastercam. Notre service FAO \u00e9labore des programmes de Fraisage et de Tournage \u00e0 partir des plans communiqu\u00e9s.","robots":{"index":"index","follow":"follow","max-snippet":"max-snippet:-1","max-image-preview":"max-image-preview:large","max-video-preview":"max-video-preview:-1"},"canonical":"https:\/\/conanec-industrie.com\/en\/production-methods\/fao\/","og_locale":"en_US","og_type":"article","og_title":"F.A.O. (Fabrication assist\u00e9e par ordinateur) - Conanec Industrie","og_description":"Dot\u00e9s du logiciel Mastercam. Notre service FAO \u00e9labore des programmes de Fraisage et de Tournage \u00e0 partir des plans communiqu\u00e9s.","og_url":"https:\/\/conanec-industrie.com\/en\/production-methods\/fao\/","og_site_name":"Conanec Industrie","article_modified_time":"2022-07-04T16:16:40+00:00","twitter_card":"summary_large_image","schema":{"@context":"https:\/\/schema.org","@graph":[{"@type":"WebPage","@id":"https:\/\/conanec-industrie.com\/en\/production-methods\/fao\/","url":"https:\/\/conanec-industrie.com\/en\/production-methods\/fao\/","name":"F.A.O. (Fabrication assist\u00e9e par ordinateur) - Conanec Industrie","isPartOf":{"@id":"https:\/\/conanec-industrie.com\/en\/#website"},"datePublished":"2022-05-25T11:45:21+00:00","dateModified":"2022-07-04T16:16:40+00:00","description":"Dot\u00e9s du logiciel Mastercam. Notre service FAO \u00e9labore des programmes de Fraisage et de Tournage \u00e0 partir des plans communiqu\u00e9s.","breadcrumb":{"@id":"https:\/\/conanec-industrie.com\/en\/production-methods\/fao\/#breadcrumb"},"inLanguage":"en-US","potentialAction":[{"@type":"ReadAction","target":["https:\/\/conanec-industrie.com\/en\/production-methods\/fao\/"]}]},{"@type":"BreadcrumbList","@id":"https:\/\/conanec-industrie.com\/en\/production-methods\/fao\/#breadcrumb","itemListElement":[{"@type":"ListItem","position":1,"name":"Accueil","item":"https:\/\/conanec-industrie.com\/en\/"},{"@type":"ListItem","position":2,"name":"production methods","item":"https:\/\/conanec-industrie.com\/en\/production-methods\/"},{"@type":"ListItem","position":3,"name":"F.A.O. (Fabrication assist\u00e9e par ordinateur)"}]},{"@type":"WebSite","@id":"https:\/\/conanec-industrie.com\/en\/#website","url":"https:\/\/conanec-industrie.com\/en\/","name":"Conanec Industrie","description":"","publisher":{"@id":"https:\/\/conanec-industrie.com\/en\/#organization"},"potentialAction":[{"@type":"SearchAction","target":{"@type":"EntryPoint","urlTemplate":"https:\/\/conanec-industrie.com\/en\/?s={search_term_string}"},"query-input":{"@type":"PropertyValueSpecification","valueRequired":true,"valueName":"search_term_string"}}],"inLanguage":"en-US"},{"@type":"Organization","@id":"https:\/\/conanec-industrie.com\/en\/#organization","name":"Conanec Industrie","url":"https:\/\/conanec-industrie.com\/en\/","logo":{"@type":"ImageObject","inLanguage":"en-US","@id":"https:\/\/conanec-industrie.com\/en\/#\/schema\/logo\/image\/","url":"https:\/\/conanec-industrie.com\/wp-content\/uploads\/2022\/06\/Logo-Conanec-Industrie-Horizontal.png","contentUrl":"https:\/\/conanec-industrie.com\/wp-content\/uploads\/2022\/06\/Logo-Conanec-Industrie-Horizontal.png","width":1920,"height":946,"caption":"Conanec Industrie"},"image":{"@id":"https:\/\/conanec-industrie.com\/en\/#\/schema\/logo\/image\/"},"sameAs":["https:\/\/www.linkedin.com\/company\/conanec-industrie\/"]}]}},"_links":{"self":[{"href":"https:\/\/conanec-industrie.com\/en\/wp-json\/wp\/v2\/pages\/901","targetHints":{"allow":["GET"]}}],"collection":[{"href":"https:\/\/conanec-industrie.com\/en\/wp-json\/wp\/v2\/pages"}],"about":[{"href":"https:\/\/conanec-industrie.com\/en\/wp-json\/wp\/v2\/types\/page"}],"author":[{"embeddable":true,"href":"https:\/\/conanec-industrie.com\/en\/wp-json\/wp\/v2\/users\/1"}],"replies":[{"embeddable":true,"href":"https:\/\/conanec-industrie.com\/en\/wp-json\/wp\/v2\/comments?post=901"}],"version-history":[{"count":10,"href":"https:\/\/conanec-industrie.com\/en\/wp-json\/wp\/v2\/pages\/901\/revisions"}],"predecessor-version":[{"id":1292,"href":"https:\/\/conanec-industrie.com\/en\/wp-json\/wp\/v2\/pages\/901\/revisions\/1292"}],"up":[{"embeddable":true,"href":"https:\/\/conanec-industrie.com\/en\/wp-json\/wp\/v2\/pages\/878"}],"wp:attachment":[{"href":"https:\/\/conanec-industrie.com\/en\/wp-json\/wp\/v2\/media?parent=901"}],"curies":[{"name":"wp","href":"https:\/\/api.w.org\/{rel}","templated":true}]}}