{"id":973,"date":"2022-05-25T13:46:10","date_gmt":"2022-05-25T11:46:10","guid":{"rendered":"https:\/\/conanec-industrie.com\/?page_id=973"},"modified":"2022-07-04T18:19:12","modified_gmt":"2022-07-04T16:19:12","slug":"enfoncage-et-fil","status":"publish","type":"page","link":"https:\/\/conanec-industrie.com\/en\/production-methods\/enfoncage-et-fil\/","title":{"rendered":"Erosion and Wire cutting"},"content":{"rendered":"<h2>\u00c9rosion<\/h2>\n<p>Vous souhaitez un \u00e9tat de surface sp\u00e9cifique suivant les standards SPI (Society of plastic industry) ou VDI obtenus par \u00e9lectro-\u00e9rosion ?<\/p>\n<p>Nous sommes en mesure de vous apporter le rendu id\u00e9al suivant vos exigences et les mat\u00e9riaux adapt\u00e9s. Notre \u00e9quipement et savoir-faire nous permettent d\u2019obtenir des \u00e9tats de surface allant jusqu\u2019au Ra 0.02 en indice A-1 sur l\u2019\u00e9chelle SPI.<\/p>\n<div style=\"width: 640px;\" class=\"wp-video\"><video class=\"wp-video-shortcode\" id=\"video-973-1\" width=\"640\" height=\"360\" loop autoplay preload=\"metadata\" controls=\"controls\"><source type=\"video\/mp4\" src=\"https:\/\/conanec-industrie.com\/wp-content\/uploads\/2022\/07\/20220630_161043-12.mp4?_=1\" \/><a href=\"https:\/\/conanec-industrie.com\/wp-content\/uploads\/2022\/07\/20220630_161043-12.mp4\">https:\/\/conanec-industrie.com\/wp-content\/uploads\/2022\/07\/20220630_161043-12.mp4<\/a><\/video><\/div>\n<p>&nbsp;<\/p>\n<h2>D\u00e9coupe fil<\/h2>\n<p>La d\u00e9coupe fil a l\u2019avantage d\u2019obtenir des d\u00e9coupes fines gr\u00e2ce au diam\u00e8tre de fil de 0,25mm.<\/p>\n<p>Notre souplesse sur ce poste nous permet de r\u00e9pondre positivement aux<br \/>\ndemandes d\u2019urgences. Ses avantages sont divers tels que :<\/p>\n<ul>\n<li>L\u2019usinage de formes complexes non r\u00e9alisables en usinage et ou, \u00e9rosion<\/li>\n<li>Assure un bon \u00e9tat de surface<\/li>\n<li>Grande pr\u00e9cision<\/li>\n<\/ul>\n","protected":false},"excerpt":{"rendered":"<p>\u00c9rosion Vous souhaitez un \u00e9tat de surface sp\u00e9cifique suivant les standards SPI [&hellip;]<\/p>\n","protected":false},"author":1,"featured_media":1110,"parent":878,"menu_order":0,"comment_status":"closed","ping_status":"closed","template":"template-production.php","meta":{"_acf_changed":false,"footnotes":""},"class_list":["post-973","page","type-page","status-publish","has-post-thumbnail","hentry"],"acf":[],"yoast_head":"<!-- This site is optimized with the Yoast SEO plugin v27.3 - https:\/\/yoast.com\/product\/yoast-seo-wordpress\/ -->\n<title>Erosion and Wire cutting - Conanec Industrie<\/title>\n<meta name=\"description\" content=\"Vous souhaitez obtenir des d\u00e9coupes fines ou un \u00e9tat de surface sp\u00e9cifique ? D\u00e9couvrez nos solutions d&#039;\u00e9rosion et de d\u00e9coupe fil.\" \/>\n<meta name=\"robots\" content=\"index, follow, max-snippet:-1, max-image-preview:large, max-video-preview:-1\" \/>\n<link rel=\"canonical\" href=\"https:\/\/conanec-industrie.com\/en\/production-methods\/enfoncage-et-fil\/\" \/>\n<meta property=\"og:locale\" content=\"en_US\" \/>\n<meta property=\"og:type\" content=\"article\" \/>\n<meta property=\"og:title\" content=\"Erosion and Wire cutting - Conanec Industrie\" \/>\n<meta property=\"og:description\" content=\"Vous souhaitez obtenir des d\u00e9coupes fines ou un \u00e9tat de surface sp\u00e9cifique ? D\u00e9couvrez nos solutions d&#039;\u00e9rosion et de d\u00e9coupe fil.\" \/>\n<meta property=\"og:url\" content=\"https:\/\/conanec-industrie.com\/en\/production-methods\/enfoncage-et-fil\/\" \/>\n<meta property=\"og:site_name\" content=\"Conanec Industrie\" \/>\n<meta property=\"article:modified_time\" content=\"2022-07-04T16:19:12+00:00\" \/>\n<meta property=\"og:image\" content=\"https:\/\/conanec-industrie.com\/wp-content\/uploads\/2022\/06\/enfoncage-et-fil-v.2-300622.png\" \/>\n\t<meta property=\"og:image:width\" content=\"1000\" \/>\n\t<meta property=\"og:image:height\" content=\"901\" \/>\n\t<meta property=\"og:image:type\" content=\"image\/png\" \/>\n<meta name=\"twitter:card\" content=\"summary_large_image\" \/>\n<meta name=\"twitter:label1\" content=\"Est. reading time\" \/>\n\t<meta name=\"twitter:data1\" content=\"1 minute\" \/>\n<script type=\"application\/ld+json\" class=\"yoast-schema-graph\">{\"@context\":\"https:\\\/\\\/schema.org\",\"@graph\":[{\"@type\":\"WebPage\",\"@id\":\"https:\\\/\\\/conanec-industrie.com\\\/en\\\/production-methods\\\/enfoncage-et-fil\\\/\",\"url\":\"https:\\\/\\\/conanec-industrie.com\\\/en\\\/production-methods\\\/enfoncage-et-fil\\\/\",\"name\":\"Erosion and Wire cutting - Conanec Industrie\",\"isPartOf\":{\"@id\":\"https:\\\/\\\/conanec-industrie.com\\\/en\\\/#website\"},\"primaryImageOfPage\":{\"@id\":\"https:\\\/\\\/conanec-industrie.com\\\/en\\\/production-methods\\\/enfoncage-et-fil\\\/#primaryimage\"},\"image\":{\"@id\":\"https:\\\/\\\/conanec-industrie.com\\\/en\\\/production-methods\\\/enfoncage-et-fil\\\/#primaryimage\"},\"thumbnailUrl\":\"https:\\\/\\\/conanec-industrie.com\\\/wp-content\\\/uploads\\\/2022\\\/06\\\/enfoncage-et-fil-v.2-300622.png\",\"datePublished\":\"2022-05-25T11:46:10+00:00\",\"dateModified\":\"2022-07-04T16:19:12+00:00\",\"description\":\"Vous souhaitez obtenir des d\u00e9coupes fines ou un \u00e9tat de surface sp\u00e9cifique ? D\u00e9couvrez nos solutions d'\u00e9rosion et de d\u00e9coupe fil.\",\"breadcrumb\":{\"@id\":\"https:\\\/\\\/conanec-industrie.com\\\/en\\\/production-methods\\\/enfoncage-et-fil\\\/#breadcrumb\"},\"inLanguage\":\"en-US\",\"potentialAction\":[{\"@type\":\"ReadAction\",\"target\":[\"https:\\\/\\\/conanec-industrie.com\\\/en\\\/production-methods\\\/enfoncage-et-fil\\\/\"]}]},{\"@type\":\"ImageObject\",\"inLanguage\":\"en-US\",\"@id\":\"https:\\\/\\\/conanec-industrie.com\\\/en\\\/production-methods\\\/enfoncage-et-fil\\\/#primaryimage\",\"url\":\"https:\\\/\\\/conanec-industrie.com\\\/wp-content\\\/uploads\\\/2022\\\/06\\\/enfoncage-et-fil-v.2-300622.png\",\"contentUrl\":\"https:\\\/\\\/conanec-industrie.com\\\/wp-content\\\/uploads\\\/2022\\\/06\\\/enfoncage-et-fil-v.2-300622.png\",\"width\":1000,\"height\":901},{\"@type\":\"BreadcrumbList\",\"@id\":\"https:\\\/\\\/conanec-industrie.com\\\/en\\\/production-methods\\\/enfoncage-et-fil\\\/#breadcrumb\",\"itemListElement\":[{\"@type\":\"ListItem\",\"position\":1,\"name\":\"Accueil\",\"item\":\"https:\\\/\\\/conanec-industrie.com\\\/en\\\/\"},{\"@type\":\"ListItem\",\"position\":2,\"name\":\"production methods\",\"item\":\"https:\\\/\\\/conanec-industrie.com\\\/en\\\/production-methods\\\/\"},{\"@type\":\"ListItem\",\"position\":3,\"name\":\"Erosion and Wire cutting\"}]},{\"@type\":\"WebSite\",\"@id\":\"https:\\\/\\\/conanec-industrie.com\\\/en\\\/#website\",\"url\":\"https:\\\/\\\/conanec-industrie.com\\\/en\\\/\",\"name\":\"Conanec Industrie\",\"description\":\"\",\"publisher\":{\"@id\":\"https:\\\/\\\/conanec-industrie.com\\\/en\\\/#organization\"},\"potentialAction\":[{\"@type\":\"SearchAction\",\"target\":{\"@type\":\"EntryPoint\",\"urlTemplate\":\"https:\\\/\\\/conanec-industrie.com\\\/en\\\/?s={search_term_string}\"},\"query-input\":{\"@type\":\"PropertyValueSpecification\",\"valueRequired\":true,\"valueName\":\"search_term_string\"}}],\"inLanguage\":\"en-US\"},{\"@type\":\"Organization\",\"@id\":\"https:\\\/\\\/conanec-industrie.com\\\/en\\\/#organization\",\"name\":\"Conanec Industrie\",\"url\":\"https:\\\/\\\/conanec-industrie.com\\\/en\\\/\",\"logo\":{\"@type\":\"ImageObject\",\"inLanguage\":\"en-US\",\"@id\":\"https:\\\/\\\/conanec-industrie.com\\\/en\\\/#\\\/schema\\\/logo\\\/image\\\/\",\"url\":\"https:\\\/\\\/conanec-industrie.com\\\/wp-content\\\/uploads\\\/2022\\\/06\\\/Logo-Conanec-Industrie-Horizontal.png\",\"contentUrl\":\"https:\\\/\\\/conanec-industrie.com\\\/wp-content\\\/uploads\\\/2022\\\/06\\\/Logo-Conanec-Industrie-Horizontal.png\",\"width\":1920,\"height\":946,\"caption\":\"Conanec Industrie\"},\"image\":{\"@id\":\"https:\\\/\\\/conanec-industrie.com\\\/en\\\/#\\\/schema\\\/logo\\\/image\\\/\"},\"sameAs\":[\"https:\\\/\\\/www.linkedin.com\\\/company\\\/conanec-industrie\\\/\"]}]}<\/script>\n<!-- \/ Yoast SEO plugin. -->","yoast_head_json":{"title":"Erosion and Wire cutting - Conanec Industrie","description":"Vous souhaitez obtenir des d\u00e9coupes fines ou un \u00e9tat de surface sp\u00e9cifique ? D\u00e9couvrez nos solutions d'\u00e9rosion et de d\u00e9coupe fil.","robots":{"index":"index","follow":"follow","max-snippet":"max-snippet:-1","max-image-preview":"max-image-preview:large","max-video-preview":"max-video-preview:-1"},"canonical":"https:\/\/conanec-industrie.com\/en\/production-methods\/enfoncage-et-fil\/","og_locale":"en_US","og_type":"article","og_title":"Erosion and Wire cutting - Conanec Industrie","og_description":"Vous souhaitez obtenir des d\u00e9coupes fines ou un \u00e9tat de surface sp\u00e9cifique ? D\u00e9couvrez nos solutions d'\u00e9rosion et de d\u00e9coupe fil.","og_url":"https:\/\/conanec-industrie.com\/en\/production-methods\/enfoncage-et-fil\/","og_site_name":"Conanec Industrie","article_modified_time":"2022-07-04T16:19:12+00:00","og_image":[{"width":1000,"height":901,"url":"https:\/\/conanec-industrie.com\/wp-content\/uploads\/2022\/06\/enfoncage-et-fil-v.2-300622.png","type":"image\/png"}],"twitter_card":"summary_large_image","twitter_misc":{"Est. reading time":"1 minute"},"schema":{"@context":"https:\/\/schema.org","@graph":[{"@type":"WebPage","@id":"https:\/\/conanec-industrie.com\/en\/production-methods\/enfoncage-et-fil\/","url":"https:\/\/conanec-industrie.com\/en\/production-methods\/enfoncage-et-fil\/","name":"Erosion and Wire cutting - Conanec Industrie","isPartOf":{"@id":"https:\/\/conanec-industrie.com\/en\/#website"},"primaryImageOfPage":{"@id":"https:\/\/conanec-industrie.com\/en\/production-methods\/enfoncage-et-fil\/#primaryimage"},"image":{"@id":"https:\/\/conanec-industrie.com\/en\/production-methods\/enfoncage-et-fil\/#primaryimage"},"thumbnailUrl":"https:\/\/conanec-industrie.com\/wp-content\/uploads\/2022\/06\/enfoncage-et-fil-v.2-300622.png","datePublished":"2022-05-25T11:46:10+00:00","dateModified":"2022-07-04T16:19:12+00:00","description":"Vous souhaitez obtenir des d\u00e9coupes fines ou un \u00e9tat de surface sp\u00e9cifique ? D\u00e9couvrez nos solutions d'\u00e9rosion et de d\u00e9coupe fil.","breadcrumb":{"@id":"https:\/\/conanec-industrie.com\/en\/production-methods\/enfoncage-et-fil\/#breadcrumb"},"inLanguage":"en-US","potentialAction":[{"@type":"ReadAction","target":["https:\/\/conanec-industrie.com\/en\/production-methods\/enfoncage-et-fil\/"]}]},{"@type":"ImageObject","inLanguage":"en-US","@id":"https:\/\/conanec-industrie.com\/en\/production-methods\/enfoncage-et-fil\/#primaryimage","url":"https:\/\/conanec-industrie.com\/wp-content\/uploads\/2022\/06\/enfoncage-et-fil-v.2-300622.png","contentUrl":"https:\/\/conanec-industrie.com\/wp-content\/uploads\/2022\/06\/enfoncage-et-fil-v.2-300622.png","width":1000,"height":901},{"@type":"BreadcrumbList","@id":"https:\/\/conanec-industrie.com\/en\/production-methods\/enfoncage-et-fil\/#breadcrumb","itemListElement":[{"@type":"ListItem","position":1,"name":"Accueil","item":"https:\/\/conanec-industrie.com\/en\/"},{"@type":"ListItem","position":2,"name":"production methods","item":"https:\/\/conanec-industrie.com\/en\/production-methods\/"},{"@type":"ListItem","position":3,"name":"Erosion and Wire cutting"}]},{"@type":"WebSite","@id":"https:\/\/conanec-industrie.com\/en\/#website","url":"https:\/\/conanec-industrie.com\/en\/","name":"Conanec Industrie","description":"","publisher":{"@id":"https:\/\/conanec-industrie.com\/en\/#organization"},"potentialAction":[{"@type":"SearchAction","target":{"@type":"EntryPoint","urlTemplate":"https:\/\/conanec-industrie.com\/en\/?s={search_term_string}"},"query-input":{"@type":"PropertyValueSpecification","valueRequired":true,"valueName":"search_term_string"}}],"inLanguage":"en-US"},{"@type":"Organization","@id":"https:\/\/conanec-industrie.com\/en\/#organization","name":"Conanec Industrie","url":"https:\/\/conanec-industrie.com\/en\/","logo":{"@type":"ImageObject","inLanguage":"en-US","@id":"https:\/\/conanec-industrie.com\/en\/#\/schema\/logo\/image\/","url":"https:\/\/conanec-industrie.com\/wp-content\/uploads\/2022\/06\/Logo-Conanec-Industrie-Horizontal.png","contentUrl":"https:\/\/conanec-industrie.com\/wp-content\/uploads\/2022\/06\/Logo-Conanec-Industrie-Horizontal.png","width":1920,"height":946,"caption":"Conanec Industrie"},"image":{"@id":"https:\/\/conanec-industrie.com\/en\/#\/schema\/logo\/image\/"},"sameAs":["https:\/\/www.linkedin.com\/company\/conanec-industrie\/"]}]}},"_links":{"self":[{"href":"https:\/\/conanec-industrie.com\/en\/wp-json\/wp\/v2\/pages\/973","targetHints":{"allow":["GET"]}}],"collection":[{"href":"https:\/\/conanec-industrie.com\/en\/wp-json\/wp\/v2\/pages"}],"about":[{"href":"https:\/\/conanec-industrie.com\/en\/wp-json\/wp\/v2\/types\/page"}],"author":[{"embeddable":true,"href":"https:\/\/conanec-industrie.com\/en\/wp-json\/wp\/v2\/users\/1"}],"replies":[{"embeddable":true,"href":"https:\/\/conanec-industrie.com\/en\/wp-json\/wp\/v2\/comments?post=973"}],"version-history":[{"count":10,"href":"https:\/\/conanec-industrie.com\/en\/wp-json\/wp\/v2\/pages\/973\/revisions"}],"predecessor-version":[{"id":1296,"href":"https:\/\/conanec-industrie.com\/en\/wp-json\/wp\/v2\/pages\/973\/revisions\/1296"}],"up":[{"embeddable":true,"href":"https:\/\/conanec-industrie.com\/en\/wp-json\/wp\/v2\/pages\/878"}],"wp:featuredmedia":[{"embeddable":true,"href":"https:\/\/conanec-industrie.com\/en\/wp-json\/wp\/v2\/media\/1110"}],"wp:attachment":[{"href":"https:\/\/conanec-industrie.com\/en\/wp-json\/wp\/v2\/media?parent=973"}],"curies":[{"name":"wp","href":"https:\/\/api.w.org\/{rel}","templated":true}]}}